{"id":176,"date":"2020-06-12T20:39:31","date_gmt":"2020-06-12T20:39:31","guid":{"rendered":"https:\/\/famesa.com.mx\/?page_id=176"},"modified":"2023-02-20T12:59:19","modified_gmt":"2023-02-20T17:59:19","slug":"insumos-industria-alimenticia","status":"publish","type":"page","link":"https:\/\/famesa.com.mx\/web\/insumos-industria-alimenticia\/","title":{"rendered":"INDUSTRIAL"},"content":{"rendered":"<p>[et_pb_section fb_built=\u00bb1&#8243; custom_padding_last_edited=\u00bbon|tablet\u00bb _builder_version=\u00bb4.16&#8243; background_color=\u00bbrgba(0,0,0,0)\u00bb background_image=\u00bbhttps:\/\/famesa.com.mx\/web\/wp-content\/uploads\/2020\/06\/insumos-industria-alimentaria-famesa-mexico-bg.jpg\u00bb custom_margin=\u00bb||||false|false\u00bb custom_padding=\u00bb0px||0px||false|false\u00bb custom_padding_tablet=\u00bb0px||20px||false|false\u00bb custom_padding_phone=\u00bb0px||20px||false|false\u00bb background_last_edited=\u00bbon|tablet\u00bb background_position_tablet=\u00bbtop_left\u00bb global_colors_info=\u00bb{}\u00bb][et_pb_row column_structure=\u00bb1_2,1_2&#8243; _builder_version=\u00bb4.16&#8243; custom_padding=\u00bb||0px||false|false\u00bb global_colors_info=\u00bb{}\u00bb][et_pb_column type=\u00bb1_2&#8243; _builder_version=\u00bb4.16&#8243; global_colors_info=\u00bb{}\u00bb][et_pb_image src=\u00bbhttps:\/\/famesa.com.mx\/web\/wp-content\/uploads\/2020\/06\/insumos-industria-alimentaria-famesa-mexico-01-1.png\u00bb title_text=\u00bbinsumos-industria-alimentaria-famesa-mexico-01&#8243; align_tablet=\u00bbcenter\u00bb align_phone=\u00bb\u00bb align_last_edited=\u00bbon|tablet\u00bb _builder_version=\u00bb4.16&#8243; width=\u00bb85%\u00bb width_tablet=\u00bb60%\u00bb width_phone=\u00bb65%\u00bb width_last_edited=\u00bbon|phone\u00bb global_colors_info=\u00bb{}\u00bb][\/et_pb_image][\/et_pb_column][et_pb_column type=\u00bb1_2&#8243; _builder_version=\u00bb4.16&#8243; global_colors_info=\u00bb{}\u00bb][et_pb_image src=\u00bbhttps:\/\/famesa.com.mx\/web\/wp-content\/uploads\/2020\/06\/insumos-industria-alimentaria-famesa-mexico-02.png\u00bb title_text=\u00bbinsumos-industria-alimentaria-famesa-mexico-02&#8243; align_tablet=\u00bbcenter\u00bb align_phone=\u00bb\u00bb align_last_edited=\u00bbon|tablet\u00bb _builder_version=\u00bb4.16&#8243; width_tablet=\u00bb65%\u00bb width_phone=\u00bb\u00bb width_last_edited=\u00bbon|tablet\u00bb custom_margin=\u00bb100px||||false|false\u00bb custom_margin_tablet=\u00bb0px||||false|false\u00bb custom_margin_phone=\u00bb\u00bb custom_margin_last_edited=\u00bbon|phone\u00bb custom_padding=\u00bb||||false|false\u00bb custom_padding_tablet=\u00bb||100px||false|false\u00bb custom_padding_phone=\u00bb\u00bb custom_padding_last_edited=\u00bbon|tablet\u00bb global_colors_info=\u00bb{}\u00bb][\/et_pb_image][\/et_pb_column][\/et_pb_row][\/et_pb_section][et_pb_section fb_built=\u00bb1&#8243; custom_padding_last_edited=\u00bbon|tablet\u00bb _builder_version=\u00bb4.16&#8243; background_image=\u00bbhttps:\/\/famesa.com.mx\/web\/wp-content\/uploads\/2020\/07\/insumos-industria-alimentaria-famesa-mexico-bg-1.jpg\u00bb custom_padding_tablet=\u00bb0px||||false|false\u00bb custom_padding_phone=\u00bb\u00bb global_colors_info=\u00bb{}\u00bb][et_pb_row column_structure=\u00bb1_2,1_2&#8243; custom_padding_last_edited=\u00bbon|tablet\u00bb _builder_version=\u00bb4.16&#8243; custom_margin_tablet=\u00bb\u00bb custom_margin_phone=\u00bb\u00bb custom_margin_last_edited=\u00bbon|tablet\u00bb custom_padding_tablet=\u00bb||||false|false\u00bb custom_padding_phone=\u00bb\u00bb global_colors_info=\u00bb{}\u00bb][et_pb_column type=\u00bb1_2&#8243; _builder_version=\u00bb4.16&#8243; global_colors_info=\u00bb{}\u00bb][et_pb_text _builder_version=\u00bb4.16&#8243; header_font=\u00bb|800|||||||\u00bb header_text_color=\u00bb#e6263b\u00bb header_font_size=\u00bb34px\u00bb header_line_height=\u00bb1.4em\u00bb header_2_font=\u00bb|800|||||||\u00bb header_2_text_color=\u00bb#A2152A\u00bb header_2_font_size=\u00bb40px\u00bb custom_margin=\u00bb30px||||false|false\u00bb header_font_size_tablet=\u00bb28px\u00bb header_font_size_phone=\u00bb20px\u00bb header_font_size_last_edited=\u00bbon|phone\u00bb header_2_text_align_tablet=\u00bbcenter\u00bb header_2_text_align_phone=\u00bbcenter\u00bb header_2_text_align_last_edited=\u00bbon|phone\u00bb header_2_font_size_tablet=\u00bb35px\u00bb header_2_font_size_phone=\u00bb28px\u00bb header_2_font_size_last_edited=\u00bbon|phone\u00bb text_orientation_tablet=\u00bbcenter\u00bb text_orientation_phone=\u00bbcenter\u00bb text_orientation_last_edited=\u00bbon|phone\u00bb global_colors_info=\u00bb{}\u00bb]<\/p>\n<h1>Insumos para industria alimenticia<\/h1>\n<p>Comprometidos con el desarrollo de soluciones e innovaciones alimenticias <strong>atendemos de manera personalizada y a la medida las necesidades del sector<\/strong>.<\/p>\n<p>Producimos <strong>fruta estabilizada, cajeta y rellenos industriales<\/strong>, as\u00ed como pasta laminable <strong>en cualquier sabor y en m\u00faltiples presentaciones <\/strong>como cubetas, contenedores de acero inoxidable o cu\u00f1etes de cart\u00f3n, seg\u00fan lo requiera el cliente, manteniendo el gran sabor que nos distingue.<\/p>\n<p>[\/et_pb_text][\/et_pb_column][et_pb_column type=\u00bb1_2&#8243; _builder_version=\u00bb4.16&#8243; global_colors_info=\u00bb{}\u00bb][et_pb_image src=\u00bbhttps:\/\/famesa.com.mx\/web\/wp-content\/uploads\/2020\/06\/insumos-industria-alimentaria-famesa-mexico-03-1.png\u00bb title_text=\u00bbinsumos-industria-alimentaria-famesa-mexico-03&#8243; disabled_on=\u00bbon|on|off\u00bb _builder_version=\u00bb4.16&#8243; width_tablet=\u00bb75%\u00bb width_phone=\u00bb\u00bb width_last_edited=\u00bbon|tablet\u00bb module_alignment_tablet=\u00bbcenter\u00bb module_alignment_phone=\u00bb\u00bb module_alignment_last_edited=\u00bbon|tablet\u00bb global_colors_info=\u00bb{}\u00bb][\/et_pb_image][\/et_pb_column][\/et_pb_row][\/et_pb_section][et_pb_section fb_built=\u00bb1&#8243; custom_padding_last_edited=\u00bbon|desktop\u00bb _builder_version=\u00bb4.16&#8243; background_image=\u00bbhttps:\/\/famesa.com.mx\/web\/wp-content\/uploads\/2020\/06\/insumos-industria-alimentaria-famesa-mexico-bg-2.jpg\u00bb custom_margin=\u00bb||||false|false\u00bb custom_padding=\u00bb8%||8%||true|false\u00bb custom_padding_tablet=\u00bb\u00bb custom_padding_phone=\u00bb\u00bb global_colors_info=\u00bb{}\u00bb][et_pb_row column_structure=\u00bb1_2,1_2&#8243; _builder_version=\u00bb4.16&#8243; custom_padding=\u00bb0px||0px||false|false\u00bb global_colors_info=\u00bb{}\u00bb][et_pb_column type=\u00bb1_2&#8243; _builder_version=\u00bb4.16&#8243; global_colors_info=\u00bb{}\u00bb][et_pb_image src=\u00bbhttps:\/\/famesa.com.mx\/web\/wp-content\/uploads\/2020\/06\/insumos-industria-alimentaria-famesa-mexico-04.png\u00bb title_text=\u00bbinsumos-industria-alimentaria-famesa-mexico-04&#8243; _builder_version=\u00bb4.16&#8243; width=\u00bb90%\u00bb width_tablet=\u00bb75%\u00bb width_phone=\u00bb\u00bb width_last_edited=\u00bbon|tablet\u00bb module_alignment_tablet=\u00bbcenter\u00bb module_alignment_phone=\u00bb\u00bb module_alignment_last_edited=\u00bbon|tablet\u00bb global_colors_info=\u00bb{}\u00bb][\/et_pb_image][\/et_pb_column][et_pb_column type=\u00bb1_2&#8243; _builder_version=\u00bb4.16&#8243; global_colors_info=\u00bb{}\u00bb][et_pb_text _builder_version=\u00bb4.16&#8243; header_font=\u00bb|800|||||||\u00bb header_2_font=\u00bb|800|||||||\u00bb header_2_text_color=\u00bb#A2152A\u00bb header_2_font_size=\u00bb40px\u00bb custom_margin=\u00bb20px||||false|false\u00bb custom_margin_tablet=\u00bb0px||||false|false\u00bb custom_margin_phone=\u00bb\u00bb custom_margin_last_edited=\u00bbon|tablet\u00bb header_2_text_align_tablet=\u00bbcenter\u00bb header_2_text_align_phone=\u00bbcenter\u00bb header_2_text_align_last_edited=\u00bbon|phone\u00bb header_2_font_size_tablet=\u00bb35px\u00bb header_2_font_size_phone=\u00bb28px\u00bb header_2_font_size_last_edited=\u00bbon|phone\u00bb text_orientation_tablet=\u00bbcenter\u00bb text_orientation_phone=\u00bbcenter\u00bb text_orientation_last_edited=\u00bbon|phone\u00bb global_colors_info=\u00bb{}\u00bb]<\/p>\n<h2>Descarga nuestro cat\u00e1logo<\/h2>\n<p><span>Conoce todos los detalles sobre nuestra amplia variedad de productos. \u00a1Calidad y sabor que conquista al mercado!\u00a0<\/span><\/p>\n<p><span>Descubre nuestra gran variedad de productos elaborados con fruta selecta, \u00a1tenemos todo lo que necesitas!<\/span><\/p>\n<p>[\/et_pb_text][et_pb_button button_url=\u00bbhttps:\/\/famesa.com.mx\/web\/wp-content\/uploads\/2023\/02\/CATALOGO_INDUSTRIALES.pdf\u00bb url_new_window=\u00bbon\u00bb button_text=\u00bbDESCARGA NUESTRO CAT\u00c1LOGO\u00bb button_alignment=\u00bbleft\u00bb button_alignment_tablet=\u00bbcenter\u00bb button_alignment_phone=\u00bbcenter\u00bb button_alignment_last_edited=\u00bbon|phone\u00bb _builder_version=\u00bb4.17.6&#8243; custom_button=\u00bbon\u00bb button_text_size=\u00bb18px\u00bb button_text_color=\u00bb#FFFFFF\u00bb button_bg_color=\u00bb#92c24a\u00bb button_border_width=\u00bb0px\u00bb button_border_radius=\u00bb10px\u00bb button_font=\u00bb|700|||||||\u00bb hover_enabled=\u00bb0&#8243; button_text_size_tablet=\u00bb\u00bb button_text_size_phone=\u00bb15px\u00bb button_text_size_last_edited=\u00bbon|phone\u00bb global_colors_info=\u00bb{}\u00bb sticky_enabled=\u00bb0&#8243;][\/et_pb_button][\/et_pb_column][\/et_pb_row][\/et_pb_section][et_pb_section fb_built=\u00bb1&#8243; _builder_version=\u00bb4.16&#8243; background_image=\u00bbhttps:\/\/famesa.com.mx\/web\/wp-content\/uploads\/2020\/06\/fabricante-mermeladas-cajetas-famesa-mexico-bg-02.jpg\u00bb background_position=\u00bbtop_center\u00bb custom_padding=\u00bb20px||||false|false\u00bb background_last_edited=\u00bbon|tablet\u00bb background_position_tablet=\u00bbcenter_left\u00bb global_colors_info=\u00bb{}\u00bb][et_pb_row column_structure=\u00bb1_2,1_2&#8243; custom_padding_last_edited=\u00bbon|tablet\u00bb module_id=\u00bbcontacto\u00bb _builder_version=\u00bb4.4.7&#8243; max_width=\u00bb1400px\u00bb custom_padding=\u00bb0px||0px||false|false\u00bb custom_padding_tablet=\u00bb0px||0px||false|false\u00bb custom_padding_phone=\u00bb\u00bb global_module=\u00bb714&#8243; saved_tabs=\u00bball\u00bb locked=\u00bboff\u00bb collapsed=\u00bboff\u00bb global_colors_info=\u00bb{}\u00bb][et_pb_column type=\u00bb1_2&#8243; _builder_version=\u00bb4.16&#8243; global_colors_info=\u00bb{}\u00bb][et_pb_text _builder_version=\u00bb4.16&#8243; header_font=\u00bb|800|||||||\u00bb header_2_font=\u00bb|800|||||||\u00bb header_2_text_color=\u00bb#A2152A\u00bb header_2_font_size=\u00bb40px\u00bb custom_margin=\u00bb||20px||false|false\u00bb custom_padding=\u00bb||||false|false\u00bb header_2_font_size_tablet=\u00bb35px\u00bb header_2_font_size_phone=\u00bb28px\u00bb header_2_font_size_last_edited=\u00bbon|phone\u00bb global_colors_info=\u00bb{}\u00bb]<\/p>\n<h2 style=\"text-align: left;\">Contacto<\/h2>\n<p>\u00a1Agradecemos tu preferencia! si quieres mas informacion, llena el siguiente formulario, y un asesor te contactar\u00e1.<\/p>\n<p>[\/et_pb_text][et_pb_blurb use_icon=\u00bbon\u00bb font_icon=\u00bb&#xe081;||divi||400&#8243; icon_color=\u00bb#e6263b\u00bb icon_placement=\u00bbleft\u00bb image_icon_width=\u00bb28px\u00bb content_max_width=\u00bb600px\u00bb _builder_version=\u00bb4.16&#8243; custom_margin=\u00bb||20px||false|false\u00bb icon_font_size=\u00bb28px\u00bb global_colors_info=\u00bb{}\u00bb]<\/p>\n<p><span>Carr. La Barca \u2013 San Miguel el Alto.\u00a0<\/span><span>Km 52.5 Arandas, Jalisco CP 47180<\/span><\/p>\n<p>[\/et_pb_blurb][et_pb_blurb use_icon=\u00bbon\u00bb font_icon=\u00bb&#xe090;||divi||400&#8243; icon_color=\u00bb#e6263b\u00bb icon_placement=\u00bbleft\u00bb image_icon_width=\u00bb25px\u00bb _builder_version=\u00bb4.16&#8243; custom_margin=\u00bb||10px||false|false\u00bb icon_font_size=\u00bb25px\u00bb global_colors_info=\u00bb{}\u00bb]<\/p>\n<p><span>(348) 784-5800 y (33) 3647-4638<br \/> <\/span><\/p>\n<p>[\/et_pb_blurb][et_pb_code _builder_version=\u00bb4.16&#8243; global_colors_info=\u00bb{}\u00bb]\n<div class=\"wpcf7 no-js\" id=\"wpcf7-f31-o1\" lang=\"es-ES\" dir=\"ltr\" data-wpcf7-id=\"31\">\n<div class=\"screen-reader-response\"><p role=\"status\" aria-live=\"polite\" aria-atomic=\"true\"><\/p> <ul><\/ul><\/div>\n<form action=\"\/web\/wp-json\/wp\/v2\/pages\/176#wpcf7-f31-o1\" method=\"post\" class=\"wpcf7-form init\" aria-label=\"Formulario de contacto\" novalidate=\"novalidate\" data-status=\"init\">\n<fieldset class=\"hidden-fields-container\"><input type=\"hidden\" name=\"_wpcf7\" value=\"31\" \/><input type=\"hidden\" name=\"_wpcf7_version\" value=\"6.1.5\" \/><input type=\"hidden\" name=\"_wpcf7_locale\" value=\"es_ES\" \/><input type=\"hidden\" name=\"_wpcf7_unit_tag\" value=\"wpcf7-f31-o1\" \/><input type=\"hidden\" name=\"_wpcf7_container_post\" value=\"0\" \/><input type=\"hidden\" name=\"_wpcf7_posted_data_hash\" value=\"\" \/>\n<\/fieldset>\n<div class=\"col-md3\">\n\t<p><span class=\"wpcf7-form-control-wrap\" data-name=\"your-name\"><input size=\"40\" maxlength=\"400\" class=\"wpcf7-form-control wpcf7-text wpcf7-validates-as-required\" aria-required=\"true\" aria-invalid=\"false\" placeholder=\"NOMBRE\" value=\"\" type=\"text\" name=\"your-name\" \/><\/span>\n\t<\/p>\n<\/div>\n<div class=\"col-md3\">\n\t<p><span class=\"wpcf7-form-control-wrap\" data-name=\"your-email\"><input size=\"40\" maxlength=\"400\" class=\"wpcf7-form-control wpcf7-email wpcf7-validates-as-required wpcf7-text wpcf7-validates-as-email\" aria-required=\"true\" aria-invalid=\"false\" placeholder=\"CORREO\" value=\"\" type=\"email\" name=\"your-email\" \/><\/span>\n\t<\/p>\n<\/div>\n<div class=\"col-md3\">\n\t<p><span class=\"wpcf7-form-control-wrap\" data-name=\"your-tel\"><input size=\"40\" maxlength=\"400\" class=\"wpcf7-form-control wpcf7-tel wpcf7-validates-as-required wpcf7-text wpcf7-validates-as-tel\" aria-required=\"true\" aria-invalid=\"false\" placeholder=\"TEL\u00c9FONO\" value=\"\" type=\"tel\" name=\"your-tel\" \/><\/span>\n\t<\/p>\n<\/div>\n<div class=\"col-md3\">\n\t<p><span class=\"wpcf7-form-control-wrap\" data-name=\"your-message\"><textarea cols=\"40\" rows=\"10\" maxlength=\"2000\" class=\"wpcf7-form-control wpcf7-textarea\" aria-invalid=\"false\" placeholder=\"MENSAJE\" name=\"your-message\"><\/textarea><\/span>\n\t<\/p>\n<\/div>\n<div class=\"col-md3\">\n\t<p><input class=\"wpcf7-form-control wpcf7-submit has-spinner\" type=\"submit\" value=\"Enviar\" \/>\n\t<\/p>\n<\/div><div class=\"wpcf7-response-output\" aria-hidden=\"true\"><\/div>\n<\/form>\n<\/div>\n[\/et_pb_code][\/et_pb_column][et_pb_column type=\u00bb1_2&#8243; _builder_version=\u00bb4.16&#8243; global_colors_info=\u00bb{}\u00bb][\/et_pb_column][\/et_pb_row][\/et_pb_section]<\/p>\n","protected":false},"excerpt":{"rendered":"<p>Insumos para industria alimenticia Comprometidos con el desarrollo de soluciones e innovaciones alimenticias atendemos de manera personalizada y a la medida las necesidades del sector. Producimos fruta estabilizada, cajeta y rellenos industriales, as\u00ed como pasta laminable en cualquier sabor y en m\u00faltiples presentaciones como cubetas, contenedores de acero inoxidable o cu\u00f1etes de cart\u00f3n, seg\u00fan lo [&hellip;]<\/p>\n","protected":false},"author":1,"featured_media":0,"parent":0,"menu_order":0,"comment_status":"closed","ping_status":"closed","template":"","meta":{"_et_pb_use_builder":"on","_et_pb_old_content":"","_et_gb_content_width":"","footnotes":""},"class_list":["post-176","page","type-page","status-publish","hentry"],"yoast_head":"<!-- This site is optimized with the Yoast SEO plugin v27.5 - https:\/\/yoast.com\/product\/yoast-seo-wordpress\/ -->\n<title>Famesa | Proveedor de Insumos para industria alimenticia | M\u00e9xico<\/title>\n<meta name=\"description\" content=\"Desarrollamos los insumos alimenticios que tu proyecto necesite con ingredientes de altos est\u00e1ndares de calidad para la industria repostera y panadera.\" \/>\n<meta name=\"robots\" content=\"index, follow, max-snippet:-1, max-image-preview:large, max-video-preview:-1\" \/>\n<link rel=\"canonical\" href=\"https:\/\/famesa.com.mx\/web\/insumos-industria-alimenticia\/\" \/>\n<meta property=\"og:locale\" content=\"es_ES\" \/>\n<meta property=\"og:type\" content=\"article\" \/>\n<meta property=\"og:title\" content=\"Famesa | Proveedor de Insumos para industria alimenticia | M\u00e9xico\" \/>\n<meta property=\"og:description\" content=\"Desarrollamos los insumos alimenticios que tu proyecto necesite con ingredientes de altos est\u00e1ndares de calidad para la industria repostera y panadera.\" \/>\n<meta property=\"og:url\" content=\"https:\/\/famesa.com.mx\/web\/insumos-industria-alimenticia\/\" \/>\n<meta property=\"og:site_name\" content=\"Famesa\" \/>\n<meta property=\"article:modified_time\" content=\"2023-02-20T17:59:19+00:00\" \/>\n<meta name=\"twitter:card\" content=\"summary_large_image\" \/>\n<meta name=\"twitter:label1\" content=\"Tiempo de lectura\" \/>\n\t<meta name=\"twitter:data1\" content=\"2 minutos\" \/>\n<script type=\"application\/ld+json\" class=\"yoast-schema-graph\">{\"@context\":\"https:\\\/\\\/schema.org\",\"@graph\":[{\"@type\":\"WebPage\",\"@id\":\"https:\\\/\\\/famesa.com.mx\\\/web\\\/insumos-industria-alimenticia\\\/\",\"url\":\"https:\\\/\\\/famesa.com.mx\\\/web\\\/insumos-industria-alimenticia\\\/\",\"name\":\"Famesa | Proveedor de Insumos para industria alimenticia | M\u00e9xico\",\"isPartOf\":{\"@id\":\"https:\\\/\\\/famesa.com.mx\\\/web\\\/#website\"},\"datePublished\":\"2020-06-12T20:39:31+00:00\",\"dateModified\":\"2023-02-20T17:59:19+00:00\",\"description\":\"Desarrollamos los insumos alimenticios que tu proyecto necesite con ingredientes de altos est\u00e1ndares de calidad para la industria repostera y panadera.\",\"breadcrumb\":{\"@id\":\"https:\\\/\\\/famesa.com.mx\\\/web\\\/insumos-industria-alimenticia\\\/#breadcrumb\"},\"inLanguage\":\"es\",\"potentialAction\":[{\"@type\":\"ReadAction\",\"target\":[\"https:\\\/\\\/famesa.com.mx\\\/web\\\/insumos-industria-alimenticia\\\/\"]}]},{\"@type\":\"BreadcrumbList\",\"@id\":\"https:\\\/\\\/famesa.com.mx\\\/web\\\/insumos-industria-alimenticia\\\/#breadcrumb\",\"itemListElement\":[{\"@type\":\"ListItem\",\"position\":1,\"name\":\"Portada\",\"item\":\"https:\\\/\\\/famesa.com.mx\\\/web\\\/\"},{\"@type\":\"ListItem\",\"position\":2,\"name\":\"INDUSTRIAL\"}]},{\"@type\":\"WebSite\",\"@id\":\"https:\\\/\\\/famesa.com.mx\\\/web\\\/#website\",\"url\":\"https:\\\/\\\/famesa.com.mx\\\/web\\\/\",\"name\":\"Famesa\",\"description\":\"Famesa\",\"potentialAction\":[{\"@type\":\"SearchAction\",\"target\":{\"@type\":\"EntryPoint\",\"urlTemplate\":\"https:\\\/\\\/famesa.com.mx\\\/web\\\/?s={search_term_string}\"},\"query-input\":{\"@type\":\"PropertyValueSpecification\",\"valueRequired\":true,\"valueName\":\"search_term_string\"}}],\"inLanguage\":\"es\"}]}<\/script>\n<!-- \/ Yoast SEO plugin. -->","yoast_head_json":{"title":"Famesa | Proveedor de Insumos para industria alimenticia | M\u00e9xico","description":"Desarrollamos los insumos alimenticios que tu proyecto necesite con ingredientes de altos est\u00e1ndares de calidad para la industria repostera y panadera.","robots":{"index":"index","follow":"follow","max-snippet":"max-snippet:-1","max-image-preview":"max-image-preview:large","max-video-preview":"max-video-preview:-1"},"canonical":"https:\/\/famesa.com.mx\/web\/insumos-industria-alimenticia\/","og_locale":"es_ES","og_type":"article","og_title":"Famesa | Proveedor de Insumos para industria alimenticia | M\u00e9xico","og_description":"Desarrollamos los insumos alimenticios que tu proyecto necesite con ingredientes de altos est\u00e1ndares de calidad para la industria repostera y panadera.","og_url":"https:\/\/famesa.com.mx\/web\/insumos-industria-alimenticia\/","og_site_name":"Famesa","article_modified_time":"2023-02-20T17:59:19+00:00","twitter_card":"summary_large_image","twitter_misc":{"Tiempo de lectura":"2 minutos"},"schema":{"@context":"https:\/\/schema.org","@graph":[{"@type":"WebPage","@id":"https:\/\/famesa.com.mx\/web\/insumos-industria-alimenticia\/","url":"https:\/\/famesa.com.mx\/web\/insumos-industria-alimenticia\/","name":"Famesa | Proveedor de Insumos para industria alimenticia | M\u00e9xico","isPartOf":{"@id":"https:\/\/famesa.com.mx\/web\/#website"},"datePublished":"2020-06-12T20:39:31+00:00","dateModified":"2023-02-20T17:59:19+00:00","description":"Desarrollamos los insumos alimenticios que tu proyecto necesite con ingredientes de altos est\u00e1ndares de calidad para la industria repostera y panadera.","breadcrumb":{"@id":"https:\/\/famesa.com.mx\/web\/insumos-industria-alimenticia\/#breadcrumb"},"inLanguage":"es","potentialAction":[{"@type":"ReadAction","target":["https:\/\/famesa.com.mx\/web\/insumos-industria-alimenticia\/"]}]},{"@type":"BreadcrumbList","@id":"https:\/\/famesa.com.mx\/web\/insumos-industria-alimenticia\/#breadcrumb","itemListElement":[{"@type":"ListItem","position":1,"name":"Portada","item":"https:\/\/famesa.com.mx\/web\/"},{"@type":"ListItem","position":2,"name":"INDUSTRIAL"}]},{"@type":"WebSite","@id":"https:\/\/famesa.com.mx\/web\/#website","url":"https:\/\/famesa.com.mx\/web\/","name":"Famesa","description":"Famesa","potentialAction":[{"@type":"SearchAction","target":{"@type":"EntryPoint","urlTemplate":"https:\/\/famesa.com.mx\/web\/?s={search_term_string}"},"query-input":{"@type":"PropertyValueSpecification","valueRequired":true,"valueName":"search_term_string"}}],"inLanguage":"es"}]}},"_links":{"self":[{"href":"https:\/\/famesa.com.mx\/web\/wp-json\/wp\/v2\/pages\/176","targetHints":{"allow":["GET"]}}],"collection":[{"href":"https:\/\/famesa.com.mx\/web\/wp-json\/wp\/v2\/pages"}],"about":[{"href":"https:\/\/famesa.com.mx\/web\/wp-json\/wp\/v2\/types\/page"}],"author":[{"embeddable":true,"href":"https:\/\/famesa.com.mx\/web\/wp-json\/wp\/v2\/users\/1"}],"replies":[{"embeddable":true,"href":"https:\/\/famesa.com.mx\/web\/wp-json\/wp\/v2\/comments?post=176"}],"version-history":[{"count":17,"href":"https:\/\/famesa.com.mx\/web\/wp-json\/wp\/v2\/pages\/176\/revisions"}],"predecessor-version":[{"id":938,"href":"https:\/\/famesa.com.mx\/web\/wp-json\/wp\/v2\/pages\/176\/revisions\/938"}],"wp:attachment":[{"href":"https:\/\/famesa.com.mx\/web\/wp-json\/wp\/v2\/media?parent=176"}],"curies":[{"name":"wp","href":"https:\/\/api.w.org\/{rel}","templated":true}]}}