{"id":197,"date":"2020-06-12T22:12:52","date_gmt":"2020-06-12T22:12:52","guid":{"rendered":"https:\/\/famesa.com.mx\/?page_id=197"},"modified":"2021-02-04T23:16:05","modified_gmt":"2021-02-04T23:16:05","slug":"maquila-alimentos","status":"publish","type":"page","link":"https:\/\/famesa.com.mx\/web\/maquila-alimentos\/","title":{"rendered":"MAQUILA"},"content":{"rendered":"<p>[et_pb_section fb_built=\u00bb1&#8243; custom_padding_last_edited=\u00bbon|tablet\u00bb disabled_on=\u00bbon|on|off\u00bb _builder_version=\u00bb4.4.7&#8243; background_color=\u00bbrgba(0,0,0,0)\u00bb background_image=\u00bbhttps:\/\/famesa.com.mx\/web\/wp-content\/uploads\/2020\/06\/maquila-alimentos-marcas-propias-famesa-mexico-bg.jpg\u00bb custom_margin=\u00bb||||false|false\u00bb custom_padding=\u00bb||||false|false\u00bb custom_padding_tablet=\u00bb0px||20px||false|false\u00bb custom_padding_phone=\u00bb0px||20px||false|false\u00bb background_last_edited=\u00bbon|tablet\u00bb background_position_tablet=\u00bbtop_left\u00bb][et_pb_row column_structure=\u00bb1_2,1_2&#8243; _builder_version=\u00bb4.4.7&#8243; custom_padding=\u00bb0px||0px||false|false\u00bb][et_pb_column type=\u00bb1_2&#8243; _builder_version=\u00bb4.4.7&#8243;][et_pb_image src=\u00bbhttps:\/\/famesa.com.mx\/web\/wp-content\/uploads\/2020\/06\/maquila-alimentos-marcas-propias-famesa-mexico-1.png\u00bb title_text=\u00bbmaquila-alimentos-marcas-propias-famesa-mexico-1&#8243; align_tablet=\u00bbcenter\u00bb align_phone=\u00bb\u00bb align_last_edited=\u00bbon|tablet\u00bb _builder_version=\u00bb4.4.7&#8243; width_tablet=\u00bb60%\u00bb width_phone=\u00bb65%\u00bb width_last_edited=\u00bbon|phone\u00bb][\/et_pb_image][\/et_pb_column][et_pb_column type=\u00bb1_2&#8243; _builder_version=\u00bb4.4.7&#8243;][et_pb_image src=\u00bbhttps:\/\/famesa.com.mx\/web\/wp-content\/uploads\/2020\/06\/maquila-alimentos-marcas-propias-famesa-mexico-2.png\u00bb title_text=\u00bbmaquila-alimentos-marcas-propias-famesa-mexico-2&#8243; align=\u00bbcenter\u00bb align_tablet=\u00bbcenter\u00bb align_phone=\u00bb\u00bb align_last_edited=\u00bbon|tablet\u00bb _builder_version=\u00bb4.4.7&#8243; width_tablet=\u00bb50%\u00bb width_phone=\u00bb\u00bb width_last_edited=\u00bbon|tablet\u00bb custom_margin=\u00bb60px||||false|false\u00bb custom_margin_tablet=\u00bb0px||||false|false\u00bb custom_margin_phone=\u00bb\u00bb custom_margin_last_edited=\u00bbon|phone\u00bb custom_padding=\u00bb||||false|false\u00bb custom_padding_tablet=\u00bb||100px||false|false\u00bb custom_padding_phone=\u00bb\u00bb custom_padding_last_edited=\u00bbon|tablet\u00bb][\/et_pb_image][\/et_pb_column][\/et_pb_row][\/et_pb_section][et_pb_section fb_built=\u00bb1&#8243; custom_padding_last_edited=\u00bbon|tablet\u00bb disabled_on=\u00bboff|off|on\u00bb _builder_version=\u00bb4.4.7&#8243; background_color=\u00bbrgba(0,0,0,0)\u00bb background_image=\u00bbhttps:\/\/famesa.com.mx\/web\/wp-content\/uploads\/2020\/06\/maquila-alimentos-marcas-propias-famesa-mexico-bg.jpg\u00bb custom_margin=\u00bb||||false|false\u00bb custom_padding=\u00bb||||false|false\u00bb custom_padding_tablet=\u00bb0px||20px||false|false\u00bb custom_padding_phone=\u00bb0px||20px||false|false\u00bb background_last_edited=\u00bbon|tablet\u00bb background_position_tablet=\u00bbtop_left\u00bb][et_pb_row column_structure=\u00bb1_2,1_2&#8243; _builder_version=\u00bb4.4.7&#8243; custom_padding=\u00bb0px||0px||false|false\u00bb][et_pb_column type=\u00bb1_2&#8243; _builder_version=\u00bb4.4.7&#8243;][et_pb_image src=\u00bbhttps:\/\/famesa.com.mx\/web\/wp-content\/uploads\/2020\/06\/maquila-alimentos-marcas-propias-famesa-mexico-2.png\u00bb title_text=\u00bbmaquila-alimentos-marcas-propias-famesa-mexico-2&#8243; align=\u00bbcenter\u00bb align_tablet=\u00bbcenter\u00bb align_phone=\u00bb\u00bb align_last_edited=\u00bbon|tablet\u00bb _builder_version=\u00bb4.4.7&#8243; width_tablet=\u00bb50%\u00bb width_phone=\u00bb\u00bb width_last_edited=\u00bbon|tablet\u00bb custom_margin=\u00bb60px||||false|false\u00bb custom_margin_tablet=\u00bb0px||||false|false\u00bb custom_margin_phone=\u00bb\u00bb custom_margin_last_edited=\u00bbon|desktop\u00bb custom_padding=\u00bb||||false|false\u00bb custom_padding_tablet=\u00bb50px||20px||false|false\u00bb custom_padding_phone=\u00bb\u00bb custom_padding_last_edited=\u00bbon|tablet\u00bb][\/et_pb_image][\/et_pb_column][et_pb_column type=\u00bb1_2&#8243; _builder_version=\u00bb4.4.7&#8243;][et_pb_image src=\u00bbhttps:\/\/famesa.com.mx\/web\/wp-content\/uploads\/2020\/06\/maquila-alimentos-marcas-propias-famesa-mexico-1.png\u00bb title_text=\u00bbmaquila-alimentos-marcas-propias-famesa-mexico-1&#8243; align_tablet=\u00bbcenter\u00bb align_phone=\u00bb\u00bb align_last_edited=\u00bbon|tablet\u00bb _builder_version=\u00bb4.4.7&#8243; width_tablet=\u00bb60%\u00bb width_phone=\u00bb65%\u00bb width_last_edited=\u00bbon|phone\u00bb][\/et_pb_image][\/et_pb_column][\/et_pb_row][\/et_pb_section][et_pb_section fb_built=\u00bb1&#8243; custom_padding_last_edited=\u00bbon|tablet\u00bb _builder_version=\u00bb4.4.7&#8243; background_image=\u00bbhttps:\/\/famesa.com.mx\/web\/wp-content\/uploads\/2020\/07\/insumos-industria-alimentaria-famesa-mexico-bg-1.jpg\u00bb custom_padding_tablet=\u00bb0px||||false|false\u00bb custom_padding_phone=\u00bb\u00bb][et_pb_row column_structure=\u00bb1_2,1_2&#8243; custom_padding_last_edited=\u00bbon|tablet\u00bb _builder_version=\u00bb4.4.7&#8243; custom_margin_tablet=\u00bb\u00bb custom_margin_phone=\u00bb\u00bb custom_margin_last_edited=\u00bbon|tablet\u00bb custom_padding=\u00bb0px||0px||false|false\u00bb custom_padding_tablet=\u00bb||||false|false\u00bb custom_padding_phone=\u00bb\u00bb][et_pb_column type=\u00bb1_2&#8243; _builder_version=\u00bb4.4.7&#8243;][et_pb_text _builder_version=\u00bb4.4.7&#8243; header_font=\u00bb|800|||||||\u00bb header_text_color=\u00bb#a2152a\u00bb header_font_size=\u00bb40px\u00bb header_2_font=\u00bb|800|||||||\u00bb header_2_text_color=\u00bb#e6263b\u00bb header_2_font_size=\u00bb30px\u00bb header_2_line_height=\u00bb1.4em\u00bb custom_margin=\u00bb30px||||false|false\u00bb header_font_size_tablet=\u00bb36px\u00bb header_font_size_phone=\u00bb30px\u00bb header_font_size_last_edited=\u00bbon|phone\u00bb header_2_text_align_tablet=\u00bbcenter\u00bb header_2_text_align_phone=\u00bbcenter\u00bb header_2_text_align_last_edited=\u00bbon|phone\u00bb header_2_font_size_tablet=\u00bb26px\u00bb header_2_font_size_phone=\u00bb20px\u00bb header_2_font_size_last_edited=\u00bbon|phone\u00bb text_orientation_tablet=\u00bbcenter\u00bb text_orientation_phone=\u00bbcenter\u00bb text_orientation_last_edited=\u00bbon|phone\u00bb]<\/p>\n<h1>Maquila de alimentos<\/h1>\n<h2>\u00a1Creamos el sabor que te caracteriza!<\/h2>\n<p>Sabemos <strong>todo lo que necesitas para impulsar el crecimiento de tu propia marca<\/strong> o cualquier otro proyecto a gran escala. A trav\u00e9s de nuestra <strong>experiencia en el desarrollo y maquila de f\u00f3rmulas personalizadas<\/strong> nos convertimos en tu mejor socio comercial.<\/p>\n<p>Para ello, contamos con <strong>\u00e1reas de homologaci\u00f3n, innovaci\u00f3n y procesamiento<\/strong> que cumplen las normas m\u00e1s altas de calidad, brindando <strong>eficiencia a nuestra cadena de suministro<\/strong> y logrando el sabor que requiera para el complemento de sus productos.<\/p>\n<p>[\/et_pb_text][\/et_pb_column][et_pb_column type=\u00bb1_2&#8243; _builder_version=\u00bb4.4.7&#8243;][et_pb_image src=\u00bbhttps:\/\/famesa.com.mx\/web\/wp-content\/uploads\/2020\/06\/maquila-alimentos-marcas-propias-famesa-mexico-3.png\u00bb title_text=\u00bbmaquila-alimentos-marcas-propias-famesa-mexico-3&#8243; disabled_on=\u00bbon|on|off\u00bb _builder_version=\u00bb4.4.7&#8243; width_tablet=\u00bb75%\u00bb width_phone=\u00bb\u00bb width_last_edited=\u00bbon|tablet\u00bb module_alignment_tablet=\u00bbcenter\u00bb module_alignment_phone=\u00bb\u00bb module_alignment_last_edited=\u00bbon|tablet\u00bb][\/et_pb_image][\/et_pb_column][\/et_pb_row][\/et_pb_section][et_pb_section fb_built=\u00bb1&#8243; _builder_version=\u00bb4.4.7&#8243; background_image=\u00bbhttps:\/\/famesa.com.mx\/web\/wp-content\/uploads\/2020\/06\/fabricante-mermeladas-cajetas-famesa-mexico-bg-02.jpg\u00bb background_position=\u00bbtop_center\u00bb custom_padding=\u00bb20px||||false|false\u00bb background_last_edited=\u00bbon|tablet\u00bb background_position_tablet=\u00bbcenter_left\u00bb][et_pb_row column_structure=\u00bb1_2,1_2&#8243; custom_padding_last_edited=\u00bbon|tablet\u00bb module_id=\u00bbcontacto\u00bb _builder_version=\u00bb4.4.7&#8243; max_width=\u00bb1400px\u00bb custom_padding=\u00bb0px||0px||false|false\u00bb custom_padding_tablet=\u00bb0px||0px||false|false\u00bb custom_padding_phone=\u00bb\u00bb saved_tabs=\u00bball\u00bb global_module=\u00bb714&#8243; locked=\u00bboff\u00bb][et_pb_column type=\u00bb1_2&#8243; _builder_version=\u00bb4.4.7&#8243;][et_pb_text _builder_version=\u00bb4.4.7&#8243; header_font=\u00bb|800|||||||\u00bb header_2_font=\u00bb|800|||||||\u00bb header_2_text_color=\u00bb#A2152A\u00bb header_2_font_size=\u00bb40px\u00bb custom_margin=\u00bb||20px||false|false\u00bb custom_padding=\u00bb||||false|false\u00bb hover_enabled=\u00bb0&#8243; header_2_font_size_tablet=\u00bb35px\u00bb header_2_font_size_phone=\u00bb28px\u00bb header_2_font_size_last_edited=\u00bbon|phone\u00bb]<\/p>\n<h2 style=\"text-align: left;\">Contacto<\/h2>\n<p>\u00a1Agradecemos tu preferencia! si quieres mas informacion, llena el siguiente formulario, y un asesor te contactar\u00e1.<\/p>\n<p>[\/et_pb_text][et_pb_blurb use_icon=\u00bbon\u00bb font_icon=\u00bb%%249%%\u00bb icon_color=\u00bb#e6263b\u00bb icon_placement=\u00bbleft\u00bb content_max_width=\u00bb600px\u00bb use_icon_font_size=\u00bbon\u00bb icon_font_size=\u00bb28px\u00bb _builder_version=\u00bb4.4.7&#8243; custom_margin=\u00bb||20px||false|false\u00bb]<\/p>\n<p><span>Carr. La Barca \u2013 San Miguel el Alto.\u00a0<\/span><span>Km 52.5 Arandas, Jalisco CP 47180<\/span><\/p>\n<p>[\/et_pb_blurb][et_pb_blurb use_icon=\u00bbon\u00bb font_icon=\u00bb%%264%%\u00bb icon_color=\u00bb#e6263b\u00bb icon_placement=\u00bbleft\u00bb use_icon_font_size=\u00bbon\u00bb icon_font_size=\u00bb25px\u00bb _builder_version=\u00bb4.4.7&#8243; custom_margin=\u00bb||10px||false|false\u00bb]<\/p>\n<p><span>(348) 784-5800 y (33) 3647-4638<br \/> <\/span><\/p>\n<p>[\/et_pb_blurb][et_pb_code _builder_version=\u00bb4.4.7&#8243; hover_enabled=\u00bb0&#8243;]\n<div class=\"wpcf7 no-js\" id=\"wpcf7-f31-o1\" lang=\"es-ES\" dir=\"ltr\" data-wpcf7-id=\"31\">\n<div class=\"screen-reader-response\"><p role=\"status\" aria-live=\"polite\" aria-atomic=\"true\"><\/p> <ul><\/ul><\/div>\n<form action=\"\/web\/wp-json\/wp\/v2\/pages\/197#wpcf7-f31-o1\" method=\"post\" class=\"wpcf7-form init\" aria-label=\"Formulario de contacto\" novalidate=\"novalidate\" data-status=\"init\">\n<fieldset class=\"hidden-fields-container\"><input type=\"hidden\" name=\"_wpcf7\" value=\"31\" \/><input type=\"hidden\" name=\"_wpcf7_version\" value=\"6.1.5\" \/><input type=\"hidden\" name=\"_wpcf7_locale\" value=\"es_ES\" \/><input type=\"hidden\" name=\"_wpcf7_unit_tag\" value=\"wpcf7-f31-o1\" \/><input type=\"hidden\" name=\"_wpcf7_container_post\" value=\"0\" \/><input type=\"hidden\" name=\"_wpcf7_posted_data_hash\" value=\"\" \/>\n<\/fieldset>\n<div class=\"col-md3\">\n\t<p><span class=\"wpcf7-form-control-wrap\" data-name=\"your-name\"><input size=\"40\" maxlength=\"400\" class=\"wpcf7-form-control wpcf7-text wpcf7-validates-as-required\" aria-required=\"true\" aria-invalid=\"false\" placeholder=\"NOMBRE\" value=\"\" type=\"text\" name=\"your-name\" \/><\/span>\n\t<\/p>\n<\/div>\n<div class=\"col-md3\">\n\t<p><span class=\"wpcf7-form-control-wrap\" data-name=\"your-email\"><input size=\"40\" maxlength=\"400\" class=\"wpcf7-form-control wpcf7-email wpcf7-validates-as-required wpcf7-text wpcf7-validates-as-email\" aria-required=\"true\" aria-invalid=\"false\" placeholder=\"CORREO\" value=\"\" type=\"email\" name=\"your-email\" \/><\/span>\n\t<\/p>\n<\/div>\n<div class=\"col-md3\">\n\t<p><span class=\"wpcf7-form-control-wrap\" data-name=\"your-tel\"><input size=\"40\" maxlength=\"400\" class=\"wpcf7-form-control wpcf7-tel wpcf7-validates-as-required wpcf7-text wpcf7-validates-as-tel\" aria-required=\"true\" aria-invalid=\"false\" placeholder=\"TEL\u00c9FONO\" value=\"\" type=\"tel\" name=\"your-tel\" \/><\/span>\n\t<\/p>\n<\/div>\n<div class=\"col-md3\">\n\t<p><span class=\"wpcf7-form-control-wrap\" data-name=\"your-message\"><textarea cols=\"40\" rows=\"10\" maxlength=\"2000\" class=\"wpcf7-form-control wpcf7-textarea\" aria-invalid=\"false\" placeholder=\"MENSAJE\" name=\"your-message\"><\/textarea><\/span>\n\t<\/p>\n<\/div>\n<div class=\"col-md3\">\n\t<p><input class=\"wpcf7-form-control wpcf7-submit has-spinner\" type=\"submit\" value=\"Enviar\" \/>\n\t<\/p>\n<\/div><div class=\"wpcf7-response-output\" aria-hidden=\"true\"><\/div>\n<\/form>\n<\/div>\n[\/et_pb_code][\/et_pb_column][et_pb_column type=\u00bb1_2&#8243; _builder_version=\u00bb4.4.7&#8243;][\/et_pb_column][\/et_pb_row][\/et_pb_section]<\/p>\n","protected":false},"excerpt":{"rendered":"<p>Maquila de alimentos \u00a1Creamos el sabor que te caracteriza! Sabemos todo lo que necesitas para impulsar el crecimiento de tu propia marca o cualquier otro proyecto a gran escala. A trav\u00e9s de nuestra experiencia en el desarrollo y maquila de f\u00f3rmulas personalizadas nos convertimos en tu mejor socio comercial. Para ello, contamos con \u00e1reas de [&hellip;]<\/p>\n","protected":false},"author":1,"featured_media":0,"parent":0,"menu_order":0,"comment_status":"closed","ping_status":"closed","template":"","meta":{"_et_pb_use_builder":"on","_et_pb_old_content":"","_et_gb_content_width":"","footnotes":""},"class_list":["post-197","page","type-page","status-publish","hentry"],"yoast_head":"<!-- This site is optimized with the Yoast SEO plugin v27.5 - https:\/\/yoast.com\/product\/yoast-seo-wordpress\/ -->\n<title>Famesa | Maquila de alimentos para Marcas Propias | M\u00e9xico<\/title>\n<meta name=\"description\" content=\"Nuestro servicio de maquila de alimentos adem\u00e1s te ofrece el desarrollo, innovaci\u00f3n y homologaci\u00f3n de tu proyecto alimenticio. \u00a1Contactanos!\" \/>\n<meta name=\"robots\" content=\"index, follow, max-snippet:-1, max-image-preview:large, max-video-preview:-1\" \/>\n<link rel=\"canonical\" href=\"https:\/\/famesa.com.mx\/web\/maquila-alimentos\/\" \/>\n<meta property=\"og:locale\" content=\"es_ES\" \/>\n<meta property=\"og:type\" content=\"article\" \/>\n<meta property=\"og:title\" content=\"Famesa | Maquila de alimentos para Marcas Propias | M\u00e9xico\" \/>\n<meta property=\"og:description\" content=\"Nuestro servicio de maquila de alimentos adem\u00e1s te ofrece el desarrollo, innovaci\u00f3n y homologaci\u00f3n de tu proyecto alimenticio. \u00a1Contactanos!\" \/>\n<meta property=\"og:url\" content=\"https:\/\/famesa.com.mx\/web\/maquila-alimentos\/\" \/>\n<meta property=\"og:site_name\" content=\"Famesa\" \/>\n<meta property=\"article:modified_time\" content=\"2021-02-04T23:16:05+00:00\" \/>\n<meta name=\"twitter:card\" content=\"summary_large_image\" \/>\n<meta name=\"twitter:label1\" content=\"Tiempo de lectura\" \/>\n\t<meta name=\"twitter:data1\" content=\"5 minutos\" \/>\n<script type=\"application\/ld+json\" class=\"yoast-schema-graph\">{\"@context\":\"https:\\\/\\\/schema.org\",\"@graph\":[{\"@type\":\"WebPage\",\"@id\":\"https:\\\/\\\/famesa.com.mx\\\/web\\\/maquila-alimentos\\\/\",\"url\":\"https:\\\/\\\/famesa.com.mx\\\/web\\\/maquila-alimentos\\\/\",\"name\":\"Famesa | Maquila de alimentos para Marcas Propias | M\u00e9xico\",\"isPartOf\":{\"@id\":\"https:\\\/\\\/famesa.com.mx\\\/web\\\/#website\"},\"datePublished\":\"2020-06-12T22:12:52+00:00\",\"dateModified\":\"2021-02-04T23:16:05+00:00\",\"description\":\"Nuestro servicio de maquila de alimentos adem\u00e1s te ofrece el desarrollo, innovaci\u00f3n y homologaci\u00f3n de tu proyecto alimenticio. \u00a1Contactanos!\",\"breadcrumb\":{\"@id\":\"https:\\\/\\\/famesa.com.mx\\\/web\\\/maquila-alimentos\\\/#breadcrumb\"},\"inLanguage\":\"es\",\"potentialAction\":[{\"@type\":\"ReadAction\",\"target\":[\"https:\\\/\\\/famesa.com.mx\\\/web\\\/maquila-alimentos\\\/\"]}]},{\"@type\":\"BreadcrumbList\",\"@id\":\"https:\\\/\\\/famesa.com.mx\\\/web\\\/maquila-alimentos\\\/#breadcrumb\",\"itemListElement\":[{\"@type\":\"ListItem\",\"position\":1,\"name\":\"Portada\",\"item\":\"https:\\\/\\\/famesa.com.mx\\\/web\\\/\"},{\"@type\":\"ListItem\",\"position\":2,\"name\":\"MAQUILA\"}]},{\"@type\":\"WebSite\",\"@id\":\"https:\\\/\\\/famesa.com.mx\\\/web\\\/#website\",\"url\":\"https:\\\/\\\/famesa.com.mx\\\/web\\\/\",\"name\":\"Famesa\",\"description\":\"Famesa\",\"potentialAction\":[{\"@type\":\"SearchAction\",\"target\":{\"@type\":\"EntryPoint\",\"urlTemplate\":\"https:\\\/\\\/famesa.com.mx\\\/web\\\/?s={search_term_string}\"},\"query-input\":{\"@type\":\"PropertyValueSpecification\",\"valueRequired\":true,\"valueName\":\"search_term_string\"}}],\"inLanguage\":\"es\"}]}<\/script>\n<!-- \/ Yoast SEO plugin. -->","yoast_head_json":{"title":"Famesa | Maquila de alimentos para Marcas Propias | M\u00e9xico","description":"Nuestro servicio de maquila de alimentos adem\u00e1s te ofrece el desarrollo, innovaci\u00f3n y homologaci\u00f3n de tu proyecto alimenticio. \u00a1Contactanos!","robots":{"index":"index","follow":"follow","max-snippet":"max-snippet:-1","max-image-preview":"max-image-preview:large","max-video-preview":"max-video-preview:-1"},"canonical":"https:\/\/famesa.com.mx\/web\/maquila-alimentos\/","og_locale":"es_ES","og_type":"article","og_title":"Famesa | Maquila de alimentos para Marcas Propias | M\u00e9xico","og_description":"Nuestro servicio de maquila de alimentos adem\u00e1s te ofrece el desarrollo, innovaci\u00f3n y homologaci\u00f3n de tu proyecto alimenticio. \u00a1Contactanos!","og_url":"https:\/\/famesa.com.mx\/web\/maquila-alimentos\/","og_site_name":"Famesa","article_modified_time":"2021-02-04T23:16:05+00:00","twitter_card":"summary_large_image","twitter_misc":{"Tiempo de lectura":"5 minutos"},"schema":{"@context":"https:\/\/schema.org","@graph":[{"@type":"WebPage","@id":"https:\/\/famesa.com.mx\/web\/maquila-alimentos\/","url":"https:\/\/famesa.com.mx\/web\/maquila-alimentos\/","name":"Famesa | Maquila de alimentos para Marcas Propias | M\u00e9xico","isPartOf":{"@id":"https:\/\/famesa.com.mx\/web\/#website"},"datePublished":"2020-06-12T22:12:52+00:00","dateModified":"2021-02-04T23:16:05+00:00","description":"Nuestro servicio de maquila de alimentos adem\u00e1s te ofrece el desarrollo, innovaci\u00f3n y homologaci\u00f3n de tu proyecto alimenticio. \u00a1Contactanos!","breadcrumb":{"@id":"https:\/\/famesa.com.mx\/web\/maquila-alimentos\/#breadcrumb"},"inLanguage":"es","potentialAction":[{"@type":"ReadAction","target":["https:\/\/famesa.com.mx\/web\/maquila-alimentos\/"]}]},{"@type":"BreadcrumbList","@id":"https:\/\/famesa.com.mx\/web\/maquila-alimentos\/#breadcrumb","itemListElement":[{"@type":"ListItem","position":1,"name":"Portada","item":"https:\/\/famesa.com.mx\/web\/"},{"@type":"ListItem","position":2,"name":"MAQUILA"}]},{"@type":"WebSite","@id":"https:\/\/famesa.com.mx\/web\/#website","url":"https:\/\/famesa.com.mx\/web\/","name":"Famesa","description":"Famesa","potentialAction":[{"@type":"SearchAction","target":{"@type":"EntryPoint","urlTemplate":"https:\/\/famesa.com.mx\/web\/?s={search_term_string}"},"query-input":{"@type":"PropertyValueSpecification","valueRequired":true,"valueName":"search_term_string"}}],"inLanguage":"es"}]}},"_links":{"self":[{"href":"https:\/\/famesa.com.mx\/web\/wp-json\/wp\/v2\/pages\/197","targetHints":{"allow":["GET"]}}],"collection":[{"href":"https:\/\/famesa.com.mx\/web\/wp-json\/wp\/v2\/pages"}],"about":[{"href":"https:\/\/famesa.com.mx\/web\/wp-json\/wp\/v2\/types\/page"}],"author":[{"embeddable":true,"href":"https:\/\/famesa.com.mx\/web\/wp-json\/wp\/v2\/users\/1"}],"replies":[{"embeddable":true,"href":"https:\/\/famesa.com.mx\/web\/wp-json\/wp\/v2\/comments?post=197"}],"version-history":[{"count":14,"href":"https:\/\/famesa.com.mx\/web\/wp-json\/wp\/v2\/pages\/197\/revisions"}],"predecessor-version":[{"id":727,"href":"https:\/\/famesa.com.mx\/web\/wp-json\/wp\/v2\/pages\/197\/revisions\/727"}],"wp:attachment":[{"href":"https:\/\/famesa.com.mx\/web\/wp-json\/wp\/v2\/media?parent=197"}],"curies":[{"name":"wp","href":"https:\/\/api.w.org\/{rel}","templated":true}]}}